{"id":1423,"date":"2017-10-21T17:26:33","date_gmt":"2017-10-21T20:26:33","guid":{"rendered":"http:\/\/mapadadiversidade.com.br\/para\/?page_id=1423"},"modified":"2017-12-14T20:27:24","modified_gmt":"2017-12-14T23:27:24","slug":"equipe","status":"publish","type":"page","link":"http:\/\/mapadadiversidade.com.br\/para\/equipe\/","title":{"rendered":"Equipe"},"content":{"rendered":"<p><strong>Coordena\u00e7\u00e3o do Circuito Cultural Trombetas<\/strong><\/p>\n<p>Angela Fraiha<\/p>\n<p><strong>Coordena\u00e7\u00e3o, concep\u00e7\u00e3o e forma\u00e7\u00e3o para curso de Mapeamento da Diversidade\u00a0<\/strong><\/p>\n<p>Ana Paula do Val<\/p>\n<p>Jos\u00e9 Marcio Barros<\/p>\n<p><strong>Assist\u00eancia de pesquisa<\/strong><\/p>\n<p>Julia Roscoe<\/p>\n<p><strong>Webdesign\u00a0<\/strong><\/p>\n<p>Richardson Santos<\/p>\n<p><strong>Produtores Locais<\/strong><\/p>\n<p>Marlison Printes (Oriximin\u00e1), Regiane Almeida (Faro) e Claudiane Pessoa (Terra Santa)<\/p>\n<p><strong>Fotos mapas afetivos<\/strong><\/p>\n<p>Lia Lubambo<\/p>\n<p>&nbsp;<\/p>\n<p><strong>Equipes de Mapeamento &#8211; pesquisadores de campo<\/strong><\/p>\n<p><strong>\u00d3bidos (PA)<\/strong><br \/>\nJos\u00e9 Marcio Barros, Karem Leidiane,Marcia Coelho Nogueira, F\u00e1bio, V\u00e2nia Ferreira, Geonice dos Santos, Terlen Lana de Sena, Marta de Siqueira, Jos\u00e9 Fl\u00e1bio dos Santos, Amanda Beatriz Silveira, Juliana F Nogueira, Glaucyelin da Silva Pimentel e Luanne Ribeiro<\/p>\n<p><strong>Oriximin\u00e1 (PA)<\/strong><br \/>\nAna Paula do Val, Jos\u00e9 Marcio Barros, Jairo Luiz Lopes, Eliana Guerreiro, Marialda de Matos Santos, Amanda Pereira da Silva, Eliana Marinho, Jo\u00e3o Felipe Lobato, Rosic\u00e9lia Pereira de Sousa e Felipe Martins<\/p>\n<p><strong>Terra Santa (PA)<\/strong><br \/>\nJos\u00e9 Marcio Barros, Jeferson Batista, Rhamond Maciel, Ferdinando Maciel, Marlison Printes, Tatiana S. Tavares, Tamara Marinho, Jane Maria das Gra\u00e7as e Elisandra Santos Sousa<\/p>\n<p><strong>Faro (PA)<\/strong><br \/>\nAna Paula do Val, Maria Rita Freira, Marcos Freire, Luiz Eriuan Ramos Santos, Wirlana Guimar\u00e3es, Elias Alves Neto e Juciney Guimar\u00e3es Pinto (Tia Jucy)<\/p>\n<p>&nbsp;<\/p>\n<p><strong>Participantes do curso de Mapeamento da Diversidade Cultural<\/strong><\/p>\n<p><strong>\u00d3bidos\u00a0(PA)<\/strong><\/p>\n<p><img decoding=\"async\" loading=\"lazy\" class=\"alignnone size-medium wp-image-1443\" src=\"http:\/\/mapadadiversidade.com.br\/para\/wp-content\/uploads\/2017\/10\/IMG_8956-300x300.jpg\" alt=\"\" width=\"300\" height=\"300\" srcset=\"http:\/\/mapadadiversidade.com.br\/para\/wp-content\/uploads\/2017\/10\/IMG_8956-300x300.jpg 300w, http:\/\/mapadadiversidade.com.br\/para\/wp-content\/uploads\/2017\/10\/IMG_8956-150x150.jpg 150w, http:\/\/mapadadiversidade.com.br\/para\/wp-content\/uploads\/2017\/10\/IMG_8956-160x160.jpg 160w, http:\/\/mapadadiversidade.com.br\/para\/wp-content\/uploads\/2017\/10\/IMG_8956-320x320.jpg 320w, http:\/\/mapadadiversidade.com.br\/para\/wp-content\/uploads\/2017\/10\/IMG_8956.jpg 640w\" sizes=\"auto, (max-width: 300px) 100vw, 300px\" \/><\/p>\n<p>Ang\u00e9lica Lima Pereira, Jose Fl\u00e1bio dos Santos, Linamor Soares, Geanice Pinheiro dos Santos, Luz Marta de Siqueira Moda, Terlen Lan Vasconcelos de Sena, Glaucielem da Silva Pimentel, Nayana Santos Couto, Marcia Coelho Nogueira, Juliana Figueira Nogueira, Limarido da Silva Carneiro Junior, Karem Leidiane Silveira dos Santos, Romulo Jos\u00e9 da Silva Viana, Luenne da Rocha Ribeiro, Amanda Beatriz dos S. Silveira, Naira Cristiane Lima Silva, V\u00e2nia Maria de S. Ferreira, Josimeze dos Santos da Silva.<\/p>\n<p>&nbsp;<\/p>\n<p><strong>Oriximin\u00e1 (PA)<\/strong><\/p>\n<p><img decoding=\"async\" loading=\"lazy\" class=\"alignnone size-medium wp-image-1444\" src=\"http:\/\/mapadadiversidade.com.br\/para\/wp-content\/uploads\/2017\/10\/2017-04-27-PHOTO-00000242-300x169.jpg\" alt=\"\" width=\"300\" height=\"169\" srcset=\"http:\/\/mapadadiversidade.com.br\/para\/wp-content\/uploads\/2017\/10\/2017-04-27-PHOTO-00000242-300x169.jpg 300w, http:\/\/mapadadiversidade.com.br\/para\/wp-content\/uploads\/2017\/10\/2017-04-27-PHOTO-00000242-768x432.jpg 768w, http:\/\/mapadadiversidade.com.br\/para\/wp-content\/uploads\/2017\/10\/2017-04-27-PHOTO-00000242-1024x576.jpg 1024w, http:\/\/mapadadiversidade.com.br\/para\/wp-content\/uploads\/2017\/10\/2017-04-27-PHOTO-00000242.jpg 1032w\" sizes=\"auto, (max-width: 300px) 100vw, 300px\" \/><\/p>\n<p>Frederico Lopes Vieira, Rosicleia Pereira de Sousa, Marialda de Matos Santos, Han de Souza Melo, Edivaldo da Costa Pontes, Maria do Perpetuo Monteiro, Elizana Anjos de Oliveira, Jo\u00e3o Felipe Lobato da Cruz, Elinete Gon\u00e7alves, Stevenson Robert Wanzeller Fraz\u00e3o, Felipe Martins de Figueiredo, Stephany Wanzeller Fraz\u00e3o, Bruna Maira Vinente, Alaelson Passos, Eliana Guerreiro Marinho, Amanda Pereira da Silva, S\u00edlvia Printes da Silva.<\/p>\n<p>&nbsp;<\/p>\n<p><strong>Terra Santa (PA)<\/strong><\/p>\n<p><img decoding=\"async\" loading=\"lazy\" class=\"alignnone size-medium wp-image-1445\" src=\"http:\/\/mapadadiversidade.com.br\/para\/wp-content\/uploads\/2017\/10\/IMG_8957-300x300.jpg\" alt=\"\" width=\"300\" height=\"300\" srcset=\"http:\/\/mapadadiversidade.com.br\/para\/wp-content\/uploads\/2017\/10\/IMG_8957-300x300.jpg 300w, http:\/\/mapadadiversidade.com.br\/para\/wp-content\/uploads\/2017\/10\/IMG_8957-150x150.jpg 150w, http:\/\/mapadadiversidade.com.br\/para\/wp-content\/uploads\/2017\/10\/IMG_8957-160x160.jpg 160w, http:\/\/mapadadiversidade.com.br\/para\/wp-content\/uploads\/2017\/10\/IMG_8957-320x320.jpg 320w, http:\/\/mapadadiversidade.com.br\/para\/wp-content\/uploads\/2017\/10\/IMG_8957.jpg 640w\" sizes=\"auto, (max-width: 300px) 100vw, 300px\" \/><\/p>\n<p>Caroline S. de Almeida, Cildo Pinheiro, Darlene Ferreira Farias, Diorlando Santana, Elisandra Santos Sousa, Ferdinando da Silva Maciel, Ione Maria das Gra\u00e7a, Jeferson Batista, Rosimary Neto Silva B., Rhamond Boris Moraes Maciel, Tamara Marinho, Tatiana S. Tavares, Marlison Printes.<\/p>\n<p>&nbsp;<\/p>\n<p><strong>Faro (PA)<\/strong><\/p>\n<p><img decoding=\"async\" loading=\"lazy\" class=\"alignnone size-medium wp-image-1449\" src=\"http:\/\/mapadadiversidade.com.br\/para\/wp-content\/uploads\/2017\/10\/IMG_7673-300x225.jpg\" alt=\"\" width=\"300\" height=\"225\" srcset=\"http:\/\/mapadadiversidade.com.br\/para\/wp-content\/uploads\/2017\/10\/IMG_7673-300x225.jpg 300w, http:\/\/mapadadiversidade.com.br\/para\/wp-content\/uploads\/2017\/10\/IMG_7673-768x576.jpg 768w, http:\/\/mapadadiversidade.com.br\/para\/wp-content\/uploads\/2017\/10\/IMG_7673-1024x768.jpg 1024w\" sizes=\"auto, (max-width: 300px) 100vw, 300px\" \/><\/p>\n<p>Wirlana Guimar\u00e3es Pinto, Luiz Eriuan Ramos Santos<strong>, <\/strong>Maria Rita Rodrigues Freire<strong>, <\/strong>Elias Alues Neto<strong>, <\/strong>Richard Gomes<strong>, <\/strong>Luis Miguel Bitencourt Ferreira<strong>, <\/strong>Lucas Bitencourt Ferreira<strong>, <\/strong>Juaney Guimaraes Pinto<strong>, <\/strong>Vinicius Bitencourt Ferreira<strong>, <\/strong>Tiago Machado de Souza<strong>, <\/strong>Ian Batalha de Almeida<strong>, <\/strong>Roseane de Araujo<strong>, <\/strong>Alexandre Ribeiro da Costa, Josimere dos Santos da Silva<strong>, <\/strong>Saimon Belame F. da Silva<strong>, <\/strong>Manoel Jo\u00e3o B. Castilho, Juciney Guimar\u00e3es Pinto, Marcos Rodrigues Freire.<\/p>\n","protected":false},"excerpt":{"rendered":"<p>Coordena\u00e7\u00e3o do Circuito Cultural Trombetas Angela Fraiha Coordena\u00e7\u00e3o, concep\u00e7\u00e3o e forma\u00e7\u00e3o para curso de Mapeamento da Diversidade\u00a0 Ana Paula do Val Jos\u00e9 Marcio Barros Assist\u00eancia de pesquisa Julia Roscoe Webdesign\u00a0 Richardson Santos Produtores Locais&#46;&#46;&#46;<\/p>\n","protected":false},"author":2,"featured_media":0,"parent":0,"menu_order":0,"comment_status":"closed","ping_status":"closed","template":"","meta":{"nf_dc_page":"","om_disable_all_campaigns":false,"_monsterinsights_skip_tracking":false,"_monsterinsights_sitenote_active":false,"_monsterinsights_sitenote_note":"","_monsterinsights_sitenote_category":0,"footnotes":""},"class_list":["post-1423","page","type-page","status-publish","hentry"],"_links":{"self":[{"href":"http:\/\/mapadadiversidade.com.br\/para\/wp-json\/wp\/v2\/pages\/1423","targetHints":{"allow":["GET"]}}],"collection":[{"href":"http:\/\/mapadadiversidade.com.br\/para\/wp-json\/wp\/v2\/pages"}],"about":[{"href":"http:\/\/mapadadiversidade.com.br\/para\/wp-json\/wp\/v2\/types\/page"}],"author":[{"embeddable":true,"href":"http:\/\/mapadadiversidade.com.br\/para\/wp-json\/wp\/v2\/users\/2"}],"replies":[{"embeddable":true,"href":"http:\/\/mapadadiversidade.com.br\/para\/wp-json\/wp\/v2\/comments?post=1423"}],"version-history":[{"count":11,"href":"http:\/\/mapadadiversidade.com.br\/para\/wp-json\/wp\/v2\/pages\/1423\/revisions"}],"predecessor-version":[{"id":1522,"href":"http:\/\/mapadadiversidade.com.br\/para\/wp-json\/wp\/v2\/pages\/1423\/revisions\/1522"}],"wp:attachment":[{"href":"http:\/\/mapadadiversidade.com.br\/para\/wp-json\/wp\/v2\/media?parent=1423"}],"curies":[{"name":"wp","href":"https:\/\/api.w.org\/{rel}","templated":true}]}}