{"id":1479,"date":"2017-10-25T11:03:45","date_gmt":"2017-10-25T14:03:45","guid":{"rendered":"http:\/\/mapadadiversidade.com.br\/para\/?page_id=1479"},"modified":"2017-10-25T11:42:40","modified_gmt":"2017-10-25T14:42:40","slug":"contato","status":"publish","type":"page","link":"http:\/\/mapadadiversidade.com.br\/para\/contato\/","title":{"rendered":"Contato"},"content":{"rendered":"<p><strong>Coordena\u00e7\u00e3o, concep\u00e7\u00e3o e forma\u00e7\u00e3o para curso de Mapeamento da Diversidade\u00a0<\/strong><\/p>\n<p>Jos\u00e9 Marcio Barros<br \/>\njosemarciobarros2013@gmail.com<br \/>\n(31) 98469.2181<\/p>\n<p>Ana Paula do Val<br \/>\nanap.doval@gmail.com<br \/>\n(11) 99393.9743<\/p>\n<p>&nbsp;<\/p>\n","protected":false},"excerpt":{"rendered":"<p>Coordena\u00e7\u00e3o, concep\u00e7\u00e3o e forma\u00e7\u00e3o para curso de Mapeamento da Diversidade\u00a0 Jos\u00e9 Marcio Barros josemarciobarros2013@gmail.com (31) 98469.2181 Ana Paula do Val anap.doval@gmail.com (11) 99393.9743 &nbsp;<\/p>\n","protected":false},"author":1,"featured_media":0,"parent":0,"menu_order":0,"comment_status":"closed","ping_status":"closed","template":"","meta":{"nf_dc_page":"","om_disable_all_campaigns":false,"_monsterinsights_skip_tracking":false,"_monsterinsights_sitenote_active":false,"_monsterinsights_sitenote_note":"","_monsterinsights_sitenote_category":0,"footnotes":""},"class_list":["post-1479","page","type-page","status-publish","hentry"],"_links":{"self":[{"href":"http:\/\/mapadadiversidade.com.br\/para\/wp-json\/wp\/v2\/pages\/1479","targetHints":{"allow":["GET"]}}],"collection":[{"href":"http:\/\/mapadadiversidade.com.br\/para\/wp-json\/wp\/v2\/pages"}],"about":[{"href":"http:\/\/mapadadiversidade.com.br\/para\/wp-json\/wp\/v2\/types\/page"}],"author":[{"embeddable":true,"href":"http:\/\/mapadadiversidade.com.br\/para\/wp-json\/wp\/v2\/users\/1"}],"replies":[{"embeddable":true,"href":"http:\/\/mapadadiversidade.com.br\/para\/wp-json\/wp\/v2\/comments?post=1479"}],"version-history":[{"count":4,"href":"http:\/\/mapadadiversidade.com.br\/para\/wp-json\/wp\/v2\/pages\/1479\/revisions"}],"predecessor-version":[{"id":1500,"href":"http:\/\/mapadadiversidade.com.br\/para\/wp-json\/wp\/v2\/pages\/1479\/revisions\/1500"}],"wp:attachment":[{"href":"http:\/\/mapadadiversidade.com.br\/para\/wp-json\/wp\/v2\/media?parent=1479"}],"curies":[{"name":"wp","href":"https:\/\/api.w.org\/{rel}","templated":true}]}}