{"id":70,"date":"2017-10-01T13:21:28","date_gmt":"2017-10-01T16:21:28","guid":{"rendered":"http:\/\/mapadadiversidade.com.br\/para\/?page_id=70"},"modified":"2017-10-27T09:59:51","modified_gmt":"2017-10-27T12:59:51","slug":"sobre-o-projeto","status":"publish","type":"page","link":"http:\/\/mapadadiversidade.com.br\/para\/sobre-o-projeto\/","title":{"rendered":"Sobre o projeto"},"content":{"rendered":"<p style=\"text-align: justify;\"><strong>Por que mapear a diversidade cultural?<\/strong><\/p>\n<p style=\"text-align: justify;\">A diversidade cultural \u00e9, seguramente, o maior patrim\u00f4nio da humanidade. Expressa a infind\u00e1vel capacidade de criar do ser humano. E isso se faz presente em todas as dimens\u00f5es do comportamento das pessoas, seus grupos e suas comunidades. Encontramos diversidade cultural nas diferentes\u00a0 linguagens art\u00edsticas; nas express\u00f5es simb\u00f3licas ligadas \u00e0 f\u00e9, ao trabalho, ao l\u00fadico; nas pr\u00e1ticas de reciclagem e transforma\u00e7\u00e3o; enfim a diversidade cultural revela a capacidade humana de se afirmar e se reinventar. Mas na mesma propor\u00e7\u00e3o que a diversidade nos une a partir das possibilidades das trocas, ela nos separa, cria tens\u00f5es, inaugura processos de discrimina\u00e7\u00e3o e intoler\u00e2ncia. De um lado, a diversidade cultural nos chama ao di\u00e1logo e \u00e0 conviv\u00eancia criativa, mas do outro, a diversidade alimenta diverg\u00eancias e preconceitos.<\/p>\n<p style=\"text-align: justify;\">Por isso a necessidade de se conhecer e divulgar as nossas diferentes formas de estar no mundo. Da\u00ed a necessidade de se mapear a diversidade cultural: para dar visibilidade \u00e0 riqueza cultural de uma regi\u00e3o, mas tamb\u00e9m para promover o reconhecimento e o respeito \u00e0s diferentes express\u00f5es culturais de uma regi\u00e3o e de uma comunidade.<\/p>\n<p style=\"text-align: justify;\">\n<p style=\"text-align: justify;\"><strong>O Mapeamento da Diversidade Cultural das cidades de Oriximin\u00e1, Faro, \u00d3bidos e Terra Santa\u00a0<\/strong>no oeste paraense, tem esse objetivo. Promover a diversidade de express\u00f5es culturais e desta forma, contribuir para a consolida\u00e7\u00e3o de uma atitude \u00e9tica e cidad\u00e3 entre os diferentes.<\/p>\n<p style=\"text-align: justify;\">Em parceria com o Circuito Cultural Trombetas, nosso objetivo foi o de formar agentes culturais locais na identifica\u00e7\u00e3o e reconhecimento da diversidade de express\u00f5es culturais de seus munic\u00edpios, com \u00eanfase nos espa\u00e7os e equipamentos culturais, fazedores de cultura individuais e coletivos e eventos art\u00edstico culturais regulares, de modo a organizar e disponibilizar as informa\u00e7\u00f5es em formato de plataforma digital. Desta forma, esperamos contribuir para a prote\u00e7\u00e3o e promo\u00e7\u00e3o da visibilidade e valoriza\u00e7\u00e3o das express\u00f5es da diversidade cultural regional.<\/p>\n<p style=\"text-align: justify;\"><strong>Como o trabalho foi realizado?<\/strong><\/p>\n<p style=\"text-align: justify;\">Em cada um dos munic\u00edpios foi realizada uma Oficina com artistas, agentes culturais, professores e l\u00edderes comunit\u00e1rios, para a forma\u00e7\u00e3o dos monitores que realizariam os trabalhos de coleta de informa\u00e7\u00f5es.<\/p>\n<p style=\"text-align: justify;\">As oficinas tiveram dura\u00e7\u00e3o de uma semana e foram desenvolvidas integrando atividades de forma\u00e7\u00e3o conceitual sobre a cultura e sua diversidade e atividades de experimenta\u00e7\u00e3o de metodologias de entrevista, fotografia, grava\u00e7\u00e3o de depoimentos e utiliza\u00e7\u00e3o de mapas para a localiza\u00e7\u00e3o das informa\u00e7\u00f5es.<\/p>\n<p style=\"text-align: justify;\">Em cada uma das cidades \u2013 Oriximin\u00e1, \u00d3bidos, Terra Santa e Faro, os trabalhos foram adaptados \u00e0s realidades locais e \u00e0 disponibilidade dos participantes. Mas em todos eles, o\u00a0 reconhecimento da import\u00e2ncia do Mapeamento da Diversidade Cultural era o mesmo.<\/p>\n<p style=\"text-align: justify;\">O que apresentamos aqui \u00e9 o resultado parcial do trabalho que, esperamos, tenha continuidade n\u00e3o s\u00f3 na complementa\u00e7\u00e3o das informa\u00e7\u00f5es abarcando as \u00e1reas mais distantes dos n\u00facleos urbanos de cada cidade (\u00e1rea rural, popula\u00e7\u00f5es ribeirinhas, comunidades ind\u00edgenas e quilombolas, etc), mas pela necessidade de atualiza\u00e7\u00e3o cont\u00ednua.<\/p>\n<p style=\"text-align: justify;\">A todos que participaram do processo (listados nas p\u00e1ginas iniciais de cada cidade) nosso agradecimento, na certeza que aprendemos muito uns com os outros. Mas o mais importante \u00e9 que este Mapeamento revela a riqueza cultural de uma regi\u00e3o de paisagens naturais bel\u00edssimas, mas que tem em seu povo a maior e mais definitiva cria\u00e7\u00e3o.<\/p>\n<p style=\"text-align: justify;\">Naveguem por este mapeamento, temos certeza que ser\u00e1 uma grande aventura !<\/p>\n<p>&nbsp;<\/p>\n","protected":false},"excerpt":{"rendered":"<p>Por que mapear a diversidade cultural? A diversidade cultural \u00e9, seguramente, o maior patrim\u00f4nio da humanidade. Expressa a infind\u00e1vel capacidade de criar do ser humano. E isso se faz presente em todas as dimens\u00f5es&#46;&#46;&#46;<\/p>\n","protected":false},"author":1,"featured_media":0,"parent":0,"menu_order":0,"comment_status":"closed","ping_status":"closed","template":"","meta":{"nf_dc_page":"","om_disable_all_campaigns":false,"_monsterinsights_skip_tracking":false,"_monsterinsights_sitenote_active":false,"_monsterinsights_sitenote_note":"","_monsterinsights_sitenote_category":0,"footnotes":""},"class_list":["post-70","page","type-page","status-publish","hentry"],"_links":{"self":[{"href":"http:\/\/mapadadiversidade.com.br\/para\/wp-json\/wp\/v2\/pages\/70","targetHints":{"allow":["GET"]}}],"collection":[{"href":"http:\/\/mapadadiversidade.com.br\/para\/wp-json\/wp\/v2\/pages"}],"about":[{"href":"http:\/\/mapadadiversidade.com.br\/para\/wp-json\/wp\/v2\/types\/page"}],"author":[{"embeddable":true,"href":"http:\/\/mapadadiversidade.com.br\/para\/wp-json\/wp\/v2\/users\/1"}],"replies":[{"embeddable":true,"href":"http:\/\/mapadadiversidade.com.br\/para\/wp-json\/wp\/v2\/comments?post=70"}],"version-history":[{"count":11,"href":"http:\/\/mapadadiversidade.com.br\/para\/wp-json\/wp\/v2\/pages\/70\/revisions"}],"predecessor-version":[{"id":1516,"href":"http:\/\/mapadadiversidade.com.br\/para\/wp-json\/wp\/v2\/pages\/70\/revisions\/1516"}],"wp:attachment":[{"href":"http:\/\/mapadadiversidade.com.br\/para\/wp-json\/wp\/v2\/media?parent=70"}],"curies":[{"name":"wp","href":"https:\/\/api.w.org\/{rel}","templated":true}]}}